{"id":152,"date":"2023-12-23T12:33:47","date_gmt":"2023-12-23T12:33:47","guid":{"rendered":"https:\/\/underdamped.eu\/?page_id=152"},"modified":"2024-05-27T15:17:58","modified_gmt":"2024-05-27T15:17:58","slug":"politica-de-privacidade","status":"publish","type":"page","link":"https:\/\/underdamped.eu\/?page_id=152","title":{"rendered":"Pol\u00edtica de Privacidade"},"content":{"rendered":"\n<p>A Underdamped preocupa-se seriamente com a privacidade dos seus dados.<\/p>\n\n\n\n<h2 class=\"wp-block-heading\">Cookies<\/h2>\n\n\n\n<p>Para compreender o que se entende por &#8220;cookies&#8221; neste contexto, por favor visite <a href=\"https:\/\/pt.wikipedia.org\/wiki\/Cookie_(inform%C3%A1tica)\" data-type=\"link\" data-id=\"https:\/\/pt.wikipedia.org\/wiki\/Cookie_(inform%C3%A1tica)\">https:\/\/pt.wikipedia.org\/wiki\/Cookie_(inform\u00e1tica)<\/a>.<\/p>\n\n\n\n<p>Se visitar a nossa p\u00e1gina de login, iremos criar uma cookie tempor\u00e1ria para determinar se o seu browser aceita cookies. Esta cookie n\u00e3o cont\u00e9m dados pessoais e \u00e9 descartada quando fechar o seu browser.<\/p>\n\n\n\n<p>Quando efectua log-in, iremos tamb\u00e9m criar v\u00e1rias cookies para guardar os seus dados de log-in e as suas defini\u00e7\u00f5es de visualiza\u00e7\u00e3o. As cookies de log-in duram dois dias, e as cookies de visualiza\u00e7\u00e3o duram um ano. Se seleccionar &#8220;Remember Me&#8221;, o seu log-in ir\u00e1 persistir por duas semanas. Se efectuar log-out, as cookies de log-in ser\u00e3o removidas.<\/p>\n\n\n\n<p>Ao utilizar o nosso site, consideramos que aceita guardar tamb\u00e9m outras cookies associadas ao WordPress e WooCommerce (e os seus plugins associados) que s\u00e3o necess\u00e1rias para o funcionamento do site. No entanto, ao aceder ao nosso site, ser-lhe-\u00e1 perguntado se aceita ou recusa outras cookies n\u00e3o necess\u00e1rias para o funcionamento do site.<\/p>\n\n\n\n<h2 class=\"wp-block-heading\">Com quem partilhamos os seus dados<\/h2>\n\n\n\n<p>Se redefinir a sua password, o seu endere\u00e7o IP ser\u00e1 inclu\u00eddo no email de redefini\u00e7\u00e3o.<\/p>\n\n\n\n<p>Durante quanto tempo retemos os seus dados<\/p>\n\n\n\n<p>Para utilizadores que se registem no nosso site, guardamos os dados pessoais que nos providenciarem. Todos os utilizadores podem ver, editar e apagar os seus dados pessoais a qualquer momento (n\u00e3o podem, no entanto, alterar o seu nome de utilizador). Os administradores do site podem tamb\u00e9m ver e editar esses dados.<\/p>\n\n\n\n<h2 class=\"wp-block-heading\">Que direitos tem sobre os seus dados<\/h2>\n\n\n\n<p>Pode pedir que apaguemos todos os dados pessoais que temos sobre si. Isto n\u00e3o inclui quaisquer dados que sejamos obrigados a manter por raz\u00f5es administrativas, legais ou de seguran\u00e7a.<\/p>\n","protected":false},"excerpt":{"rendered":"<p>A Underdamped preocupa-se seriamente com a privacidade dos seus dados. Cookies Para compreender o que se entende por &#8220;cookies&#8221; neste contexto, por favor visite https:\/\/pt.wikipedia.org\/wiki\/Cookie_(inform\u00e1tica). Se visitar a nossa p\u00e1gina de login, iremos criar uma cookie tempor\u00e1ria para determinar se o seu browser aceita cookies. Esta cookie n\u00e3o cont\u00e9m dados pessoais e \u00e9 descartada quando&hellip;&nbsp;<a href=\"https:\/\/underdamped.eu\/?page_id=152\" rel=\"bookmark\">Read More &raquo;<span class=\"screen-reader-text\">Pol\u00edtica de Privacidade<\/span><\/a><\/p>\n","protected":false},"author":1,"featured_media":0,"parent":0,"menu_order":0,"comment_status":"closed","ping_status":"closed","template":"","meta":{"neve_meta_sidebar":"","neve_meta_container":"","neve_meta_enable_content_width":"","neve_meta_content_width":0,"neve_meta_title_alignment":"","neve_meta_author_avatar":"","neve_post_elements_order":"","neve_meta_disable_header":"","neve_meta_disable_footer":"","neve_meta_disable_title":"","footnotes":""},"class_list":["post-152","page","type-page","status-publish","hentry"],"_links":{"self":[{"href":"https:\/\/underdamped.eu\/index.php?rest_route=\/wp\/v2\/pages\/152","targetHints":{"allow":["GET"]}}],"collection":[{"href":"https:\/\/underdamped.eu\/index.php?rest_route=\/wp\/v2\/pages"}],"about":[{"href":"https:\/\/underdamped.eu\/index.php?rest_route=\/wp\/v2\/types\/page"}],"author":[{"embeddable":true,"href":"https:\/\/underdamped.eu\/index.php?rest_route=\/wp\/v2\/users\/1"}],"replies":[{"embeddable":true,"href":"https:\/\/underdamped.eu\/index.php?rest_route=%2Fwp%2Fv2%2Fcomments&post=152"}],"version-history":[{"count":3,"href":"https:\/\/underdamped.eu\/index.php?rest_route=\/wp\/v2\/pages\/152\/revisions"}],"predecessor-version":[{"id":185,"href":"https:\/\/underdamped.eu\/index.php?rest_route=\/wp\/v2\/pages\/152\/revisions\/185"}],"wp:attachment":[{"href":"https:\/\/underdamped.eu\/index.php?rest_route=%2Fwp%2Fv2%2Fmedia&parent=152"}],"curies":[{"name":"wp","href":"https:\/\/api.w.org\/{rel}","templated":true}]}}