{"id":148,"date":"2023-12-23T11:45:35","date_gmt":"2023-12-23T11:45:35","guid":{"rendered":"https:\/\/underdamped.eu\/?page_id=148"},"modified":"2025-01-05T15:36:00","modified_gmt":"2025-01-05T15:36:00","slug":"termos-e-condicoes-de-uso","status":"publish","type":"page","link":"https:\/\/underdamped.eu\/?page_id=148","title":{"rendered":"Termos e Condi\u00e7\u00f5es de Uso"},"content":{"rendered":"\n<p>A Underdamped (este site, <a href=\"http:\/\/underdamped.eu\" data-type=\"link\" data-id=\"underdamped.eu\">underdamped.eu<\/a>, tamb\u00e9m referido como &#8220;n\u00f3s&#8221;) dedica-se \u00e0 venda de m\u00f3dulos para sistemas Eurorack e \u00e9 gerida pela seguinte entidade:<\/p>\n\n\n\n<p>Nome: Jo\u00e3o Ferreira<\/p>\n\n\n\n<p>Morada: Rua de S\u00e3o Louren\u00e7o 176, 4430-533 Portugal<\/p>\n\n\n\n<p>Email: joao.luis.pt@hotmail.com<\/p>\n\n\n\n<p>NIPC: 271327910<\/p>\n\n\n\n<p>Bank Holder: Jo\u00e3o Ferreira<\/p>\n\n\n\n<p>IBAN: LT42 3250 0583 4082 3137<\/p>\n\n\n\n<p>Swift\/BIC: REVOLT21<\/p>\n\n\n\n<p>Partimos do princ\u00edpio que, enquanto utilizador deste site, dever\u00e1 ler e concordar com todas as condi\u00e7\u00f5es aqui descritas e na p\u00e1gina <a href=\"https:\/\/underdamped.eu\/?page_id=152\" data-type=\"page\" data-id=\"152\">Pol\u00edtica de Privacidade<\/a>. Reservamo-nos, tamb\u00e9m, o direito de alterar estas condi\u00e7\u00f5es sem qualquer aviso pr\u00e9vio.<\/p>\n\n\n\n<p>Se pretender contactar-nos, poder\u00e1 faz\u00ea-lo atrav\u00e9s do formul\u00e1rio na p\u00e1gina <a href=\"https:\/\/underdamped.eu\/?page_id=70\" data-type=\"page\" data-id=\"70\">About Us<\/a>.<\/p>\n\n\n\n<p>Para quaisquer casos omissos, aplica-se a lei em vigor.<\/p>\n\n\n\n<h2 class=\"wp-block-heading\">Pre\u00e7os<\/h2>\n\n\n\n<p>Os pre\u00e7os s\u00e3o os apresentados para cada produto, e s\u00e3o finais (excluindo custos de envio). Para pedidos dentro da Uni\u00e3o Europeia, cobraremos IVA \u00e0 taxa aplic\u00e1vel para a morada do comprador. <strong><span style=\"text-decoration: underline;\">Embora n\u00e3o cobremos IVA para pedidos expedidos para fora da Uni\u00e3o Europeia, estes poder\u00e3o estar sujeitos a taxas aduaneiras, que s\u00e3o da completa responsabilidade do consumidor.<\/span><\/strong><\/p>\n\n\n\n<h2 class=\"wp-block-heading\">Envio<\/h2>\n\n\n\n<p>A Underdamped envia os seus produtos de Portugal para os seguintes pa\u00edses:<\/p>\n\n\n\n<p><\/p>\n\n\n\n<p>Alemanha, Austr\u00e1lia, \u00c1ustria, B\u00e9lgica, Bulg\u00e1ria, Canad\u00e1, Chipre, Ch\u00e9quia, Cro\u00e1cia, Dinamarca, Eslov\u00e1quia, Eslov\u00e9nia, Espanha, Estados Unidos da Am\u00e9rica, Est\u00f3nia, Finl\u00e2ndia, Fran\u00e7a, Gr\u00e9cia, Hungria, Isl\u00e2ndia, Irlanda, It\u00e1lia, Jap\u00e3o, Let\u00f3nia, Litu\u00e2nia, Luxemburgo, Malta, Noruega, Nova Zel\u00e2ndia, Pa\u00edses Baixos, Pol\u00f3nia, Portugal, Reino Unido, Rom\u00e9nia, Su\u00e9cia e Su\u00ed\u00e7a.<\/p>\n\n\n\n<p>Os custos e m\u00e9todos de envio ser\u00e3o inclu\u00eddos no valor total do pedido, e podem ser calculados na p\u00e1gina do carrinho de compras depois de terem sido adicionados todos os produtos ao carrinho.<\/p>\n\n\n\n<p>Fazemos os poss\u00edveis por expedir os nossos pedidos o mais rapidamente poss\u00edvel ap\u00f3s o pagamento. N\u00e3o tomamos responsabilidade por quaisquer atrasos ou danos causados depois de os produtos terem sido entregues \u00e0 transportadora, no entanto, pedimos ao cliente para nos contactar caso tal aconte\u00e7a.<\/p>\n\n\n\n<h2 class=\"wp-block-heading\">Devolu\u00e7\u00f5es<\/h2>\n\n\n\n<p>O cliente pode devolver qualquer produto de volta \u00e0 Underdamped dentro de um prazo de 30 dias ap\u00f3s a compra e receber a quantia paga na totalidade, pelo mesmo m\u00e9todo de pagamento utilizado na compra, desde que o produto se encontre em bom estado de funcionamento e sem marcas de uso.<\/p>\n\n\n\n<p>O cliente \u00e9 respons\u00e1vel pela totalidade dos encargos de envio de retorno.<\/p>\n\n\n\n<h2 class=\"wp-block-heading\">Garantia<\/h2>\n\n\n\n<p>A Underdamped oferece uma garantia de 2 anos em todos os seus produtos que cobre quaisquer defeitos que o produto possa ter de origem ou que tenha desenvolvido durante esse per\u00edodo. Se o defeito em quest\u00e3o se manifestar num prazo de 6 meses ap\u00f3s a compra, considera-se que se trata de um defeito de fabrico. Se o defeito surgir ap\u00f3s esses 6 meses (mas ainda dentro do per\u00edodo de 2 anos de garantia), o cliente poder\u00e1 ter de provar que o defeito n\u00e3o se deveu a mau uso do utilizador ou a desgaste natural.<\/p>\n\n\n\n<p><strong><span style=\"text-decoration: underline;\">Certos produtos que gradualmente desafinam ao longo do tempo n\u00e3o s\u00e3o considerados defeituosos, por favor leia as instru\u00e7\u00f5es para obter informa\u00e7\u00e3o sobre como afin\u00e1-los de volta ao estado original.<\/span><\/strong><\/p>\n\n\n\n<p>Reservamo-nos o direito de acordar com o cliente o m\u00e9todo de envio, tanto para a devolu\u00e7\u00e3o (se tal for o caso) como para o envio do novo produto.<\/p>\n\n\n\n<p>A Underdamped reserva-se tamb\u00e9m o direito de reembolsar o cliente caso o produto em quest\u00e3o n\u00e3o possa ser reparado ou substitu\u00eddo.<\/p>\n\n\n\n<h2 class=\"wp-block-heading\">Pol\u00edtica de Privacidade<\/h2>\n\n\n\n<p>Por favor consulte a p\u00e1gina <a href=\"https:\/\/underdamped.eu\/?page_id=152\" data-type=\"page\" data-id=\"152\">Pol\u00edtica de Privacidade<\/a>.<\/p>\n\n\n\n<h2 class=\"wp-block-heading\">M\u00e9todos de Pagamento<\/h2>\n\n\n\n<p>Aceitamos pagamentos por cart\u00e3o de cr\u00e9dito\/d\u00e9bito e PayPal.<\/p>\n\n\n\n<h2 class=\"wp-block-heading\">Livro de Reclama\u00e7\u00f5es<\/h2>\n\n\n\n<p>Se deseja fazer uma reclama\u00e7\u00e3o, poder\u00e1 faz\u00ea-la no <a href=\"https:\/\/www.livroreclamacoes.pt\/Pedido\/Reclamacao\" data-type=\"link\" data-id=\"https:\/\/www.livroreclamacoes.pt\/Pedido\/Reclamacao\">Livro de Reclama\u00e7\u00f5es<\/a>.<\/p>\n\n\n\n<p><\/p>\n","protected":false},"excerpt":{"rendered":"<p>A Underdamped (este site, underdamped.eu, tamb\u00e9m referido como &#8220;n\u00f3s&#8221;) dedica-se \u00e0 venda de m\u00f3dulos para sistemas Eurorack e \u00e9 gerida pela seguinte entidade: Nome: Jo\u00e3o Ferreira Morada: Rua de S\u00e3o Louren\u00e7o 176, 4430-533 Portugal Email: joao.luis.pt@hotmail.com NIPC: 271327910 Bank Holder: Jo\u00e3o Ferreira IBAN: LT42 3250 0583 4082 3137 Swift\/BIC: REVOLT21 Partimos do princ\u00edpio que, enquanto&hellip;&nbsp;<a href=\"https:\/\/underdamped.eu\/?page_id=148\" rel=\"bookmark\">Read More &raquo;<span class=\"screen-reader-text\">Termos e Condi\u00e7\u00f5es de Uso<\/span><\/a><\/p>\n","protected":false},"author":1,"featured_media":0,"parent":0,"menu_order":0,"comment_status":"closed","ping_status":"closed","template":"","meta":{"neve_meta_sidebar":"","neve_meta_container":"","neve_meta_enable_content_width":"","neve_meta_content_width":0,"neve_meta_title_alignment":"","neve_meta_author_avatar":"","neve_post_elements_order":"","neve_meta_disable_header":"","neve_meta_disable_footer":"","neve_meta_disable_title":"","footnotes":""},"class_list":["post-148","page","type-page","status-publish","hentry"],"_links":{"self":[{"href":"https:\/\/underdamped.eu\/index.php?rest_route=\/wp\/v2\/pages\/148","targetHints":{"allow":["GET"]}}],"collection":[{"href":"https:\/\/underdamped.eu\/index.php?rest_route=\/wp\/v2\/pages"}],"about":[{"href":"https:\/\/underdamped.eu\/index.php?rest_route=\/wp\/v2\/types\/page"}],"author":[{"embeddable":true,"href":"https:\/\/underdamped.eu\/index.php?rest_route=\/wp\/v2\/users\/1"}],"replies":[{"embeddable":true,"href":"https:\/\/underdamped.eu\/index.php?rest_route=%2Fwp%2Fv2%2Fcomments&post=148"}],"version-history":[{"count":8,"href":"https:\/\/underdamped.eu\/index.php?rest_route=\/wp\/v2\/pages\/148\/revisions"}],"predecessor-version":[{"id":355,"href":"https:\/\/underdamped.eu\/index.php?rest_route=\/wp\/v2\/pages\/148\/revisions\/355"}],"wp:attachment":[{"href":"https:\/\/underdamped.eu\/index.php?rest_route=%2Fwp%2Fv2%2Fmedia&parent=148"}],"curies":[{"name":"wp","href":"https:\/\/api.w.org\/{rel}","templated":true}]}}